{"id":997,"date":"2025-03-03T20:01:09","date_gmt":"2025-03-03T23:01:09","guid":{"rendered":"https:\/\/jbjusto-caba.infd.edu.ar\/sitio\/?page_id=997"},"modified":"2025-03-03T20:01:10","modified_gmt":"2025-03-03T23:01:10","slug":"normativa","status":"publish","type":"page","link":"https:\/\/jbjusto-caba.infd.edu.ar\/sitio\/normativa\/","title":{"rendered":"Normativa"},"content":{"rendered":"\n<h3 class=\"wp-block-heading\"><mark style=\"background-color:rgba(0, 0, 0, 0)\" class=\"has-inline-color has-accent-color\"><a href=\"https:\/\/drive.google.com\/file\/d\/1DNd6Apvjc5X6jsa18MU_Pw1kdvZLI0J7\/view\" target=\"_blank\" rel=\"noreferrer noopener\">Reglamento Org\u00e1nico Institucional (ROI)<\/a><\/mark><\/h3>\n\n\n\n<h3 class=\"wp-block-heading\"><mark style=\"background-color:rgba(0, 0, 0, 0)\" class=\"has-inline-color has-accent-color\"><a href=\"https:\/\/drive.google.com\/file\/d\/1sO_d867rOEFgDvff0PHNDjKvr_C-1b0k\/view\" target=\"_blank\" rel=\"noreferrer noopener\">Reglamento Acad\u00e9mico Institucional (RAI)<\/a><\/mark><\/h3>\n\n\n\n<h3 class=\"wp-block-heading\"><mark style=\"background-color:rgba(0, 0, 0, 0)\" class=\"has-inline-color has-accent-color\"><a href=\"https:\/\/drive.google.com\/file\/d\/1QL0Kr-pUoZ5ciISQOThD15LYTqkK8U3R\/view\" target=\"_blank\" rel=\"noreferrer noopener\">Marco Referencial de Capacidades Profesionales de la Formaci\u00f3n Docente Inicial<\/a><\/mark><\/h3>\n","protected":false},"excerpt":{"rendered":"<p>Reglamento Org\u00e1nico Institucional (ROI) Reglamento Acad\u00e9mico Institucional (RAI) Marco Referencial de Capacidades Profesionales de la Formaci\u00f3n Docente Inicial<\/p>\n","protected":false},"author":3105,"featured_media":0,"parent":0,"menu_order":0,"comment_status":"closed","ping_status":"closed","template":"","meta":[],"acf":[],"_links":{"self":[{"href":"https:\/\/jbjusto-caba.infd.edu.ar\/sitio\/wp-json\/wp\/v2\/pages\/997"}],"collection":[{"href":"https:\/\/jbjusto-caba.infd.edu.ar\/sitio\/wp-json\/wp\/v2\/pages"}],"about":[{"href":"https:\/\/jbjusto-caba.infd.edu.ar\/sitio\/wp-json\/wp\/v2\/types\/page"}],"author":[{"embeddable":true,"href":"https:\/\/jbjusto-caba.infd.edu.ar\/sitio\/wp-json\/wp\/v2\/users\/3105"}],"replies":[{"embeddable":true,"href":"https:\/\/jbjusto-caba.infd.edu.ar\/sitio\/wp-json\/wp\/v2\/comments?post=997"}],"version-history":[{"count":2,"href":"https:\/\/jbjusto-caba.infd.edu.ar\/sitio\/wp-json\/wp\/v2\/pages\/997\/revisions"}],"predecessor-version":[{"id":999,"href":"https:\/\/jbjusto-caba.infd.edu.ar\/sitio\/wp-json\/wp\/v2\/pages\/997\/revisions\/999"}],"wp:attachment":[{"href":"https:\/\/jbjusto-caba.infd.edu.ar\/sitio\/wp-json\/wp\/v2\/media?parent=997"}],"curies":[{"name":"wp","href":"https:\/\/api.w.org\/{rel}","templated":true}]}}