{"id":286,"date":"2016-10-31T13:17:59","date_gmt":"2016-10-31T16:17:59","guid":{"rendered":"https:\/\/jbjusto-caba.infd.edu.ar\/sitio\/?page_id=286"},"modified":"2025-03-03T19:22:41","modified_gmt":"2025-03-03T22:22:41","slug":"inicio","status":"publish","type":"page","link":"https:\/\/jbjusto-caba.infd.edu.ar\/sitio\/","title":{"rendered":"Inicio"},"content":{"rendered":"\n<figure class=\"wp-block-image size-full\"><img decoding=\"async\" loading=\"lazy\" width=\"1040\" height=\"262\" src=\"https:\/\/jbjusto-caba.infd.edu.ar\/sitio\/wp-content\/uploads\/2022\/09\/frentejonte-horz.jpg\" alt=\"Frente Anexo Jonte IES Juan B Justo\" class=\"wp-image-911\" srcset=\"https:\/\/jbjusto-caba.infd.edu.ar\/sitio\/wp-content\/uploads\/2022\/09\/frentejonte-horz.jpg 1040w, https:\/\/jbjusto-caba.infd.edu.ar\/sitio\/wp-content\/uploads\/2022\/09\/frentejonte-horz-1000x252.jpg 1000w, https:\/\/jbjusto-caba.infd.edu.ar\/sitio\/wp-content\/uploads\/2022\/09\/frentejonte-horz-768x193.jpg 768w\" sizes=\"(max-width: 1040px) 100vw, 1040px\" \/><\/figure>\n\n\n\n<h2 class=\"wp-block-heading\"><mark style=\"background-color:rgba(0, 0, 0, 0)\" class=\"has-inline-color has-accent-color\">Bienvenidos al Instituto de Ense\u00f1anza Superior \u00abJuan B. Justo\u00bb<\/mark><\/h2>\n\n\n\n<p>El <strong>I.E.S. Juan B. Justo<\/strong> cuenta con los<strong> niveles inicial, primario y medio<\/strong> en los turnos diurnos y con <strong>tres carreras del nivel superior<\/strong> en el turno vespertino: <strong>Profesorado de Educaci\u00f3n Inicial (PEI), Profesorado de Educaci\u00f3n Primaria (PEP) y Ciclo de Formaci\u00f3n Pedag\u00f3gica para Profesionales y T\u00e9cnicos Superiores<\/strong> para desempe\u00f1arse en los niveles Primario y\/o Medio.<\/p>\n\n\n<div class=\"wp-block-image is-style-default\">\n<figure class=\"aligncenter is-resized\"><img decoding=\"async\" loading=\"lazy\" src=\"https:\/\/jbjusto-caba.infd.edu.ar\/sitio\/wp-content\/uploads\/2022\/09\/Flyer-JBJ-2_2019PEQUE.jpg\" alt=\"flyer carrera que se dictan en el IES Juan B Justo\" class=\"wp-image-910\" width=\"339\" height=\"396\"\/><\/figure><\/div>\n\n\n<p>Entendemos la educaci\u00f3n como un desaf\u00edo constante, y buscamos transmitir a nuestros alumnos que el esfuerzo y el trabajo son valiosos, importantes, dignos y trascendentes.&nbsp;<\/p>\n","protected":false},"excerpt":{"rendered":"<p>Bienvenidos al Instituto de Ense\u00f1anza Superior \u00abJuan B. Justo\u00bb El I.E.S. Juan B. Justo cuenta con los niveles inicial, primario y medio en los turnos diurnos y con tres carreras del nivel superior en el turno vespertino: Profesorado de Educaci\u00f3n Inicial (PEI), Profesorado de Educaci\u00f3n Primaria (PEP) y Ciclo de Formaci\u00f3n Pedag\u00f3gica para Profesionales y &#8230; <a title=\"Inicio\" class=\"read-more\" href=\"https:\/\/jbjusto-caba.infd.edu.ar\/sitio\/\" aria-label=\"More on Inicio\">[+]<\/a><\/p>\n","protected":false},"author":1,"featured_media":0,"parent":0,"menu_order":0,"comment_status":"closed","ping_status":"closed","template":"","meta":[],"acf":[],"_links":{"self":[{"href":"https:\/\/jbjusto-caba.infd.edu.ar\/sitio\/wp-json\/wp\/v2\/pages\/286"}],"collection":[{"href":"https:\/\/jbjusto-caba.infd.edu.ar\/sitio\/wp-json\/wp\/v2\/pages"}],"about":[{"href":"https:\/\/jbjusto-caba.infd.edu.ar\/sitio\/wp-json\/wp\/v2\/types\/page"}],"author":[{"embeddable":true,"href":"https:\/\/jbjusto-caba.infd.edu.ar\/sitio\/wp-json\/wp\/v2\/users\/1"}],"replies":[{"embeddable":true,"href":"https:\/\/jbjusto-caba.infd.edu.ar\/sitio\/wp-json\/wp\/v2\/comments?post=286"}],"version-history":[{"count":109,"href":"https:\/\/jbjusto-caba.infd.edu.ar\/sitio\/wp-json\/wp\/v2\/pages\/286\/revisions"}],"predecessor-version":[{"id":967,"href":"https:\/\/jbjusto-caba.infd.edu.ar\/sitio\/wp-json\/wp\/v2\/pages\/286\/revisions\/967"}],"wp:attachment":[{"href":"https:\/\/jbjusto-caba.infd.edu.ar\/sitio\/wp-json\/wp\/v2\/media?parent=286"}],"curies":[{"name":"wp","href":"https:\/\/api.w.org\/{rel}","templated":true}]}}